{"id":345,"date":"2018-06-14T15:11:58","date_gmt":"2018-06-14T15:11:58","guid":{"rendered":"http:\/\/bestbogotatours.com\/?page_id=345"},"modified":"2018-06-14T15:11:58","modified_gmt":"2018-06-14T15:11:58","slug":"circuito-1","status":"publish","type":"page","link":"https:\/\/bestbogotatours.com\/es\/circuito-1\/","title":{"rendered":"Circuito 1"},"content":{"rendered":"<p>[et_pb_section bb_built=&#8221;1&#8243; fullwidth=&#8221;on&#8221; _builder_version=&#8221;3.0.60&#8243; parallax=&#8221;on&#8221;][et_pb_fullwidth_post_title meta=&#8221;off&#8221; featured_image=&#8221;off&#8221; text_color=&#8221;light&#8221; module_bg_color=&#8221;#63b100&#8243; _builder_version=&#8221;3.0.60&#8243; use_background_color_gradient=&#8221;on&#8221; background_color_gradient_start=&#8221;#63b100&#8243; background_color_gradient_end=&#8221;#4d9600&#8243; \/][\/et_pb_section][et_pb_section bb_built=&#8221;1&#8243; background_color=&#8221;#f9f9f9&#8243; _builder_version=&#8221;3.0.60&#8243; custom_padding=&#8221;28px|0px|14px|0px&#8221;][et_pb_row _builder_version=&#8221;3.0.47&#8243; background_size=&#8221;initial&#8221; background_position=&#8221;top_left&#8221; background_repeat=&#8221;repeat&#8221; custom_padding=&#8221;23px|0px|19px|0px&#8221;][et_pb_column type=&#8221;1_2&#8243;][et_pb_blurb title=&#8221;<strong>Duraci\u00f3n: <\/strong>4 horas aproximadamente&#8221; icon_color=&#8221;#ffffff&#8221; use_circle=&#8221;on&#8221; image=&#8221;http:\/\/bestbogotatours.com\/es\/wp-content\/uploads\/sites\/3\/2018\/06\/icon_3.png&#8221; icon_placement=&#8221;left&#8221; _builder_version=&#8221;3.0.60&#8243; custom_css_blurb_image=&#8221; width: 46px;&#8221; custom_css_blurb_title=&#8221;margin-top: 12px;&#8221; url_new_window=&#8221;off&#8221; use_icon=&#8221;off&#8221; use_circle_border=&#8221;off&#8221; use_icon_font_size=&#8221;off&#8221; background_layout=&#8221;light&#8221; border_style=&#8221;solid&#8221; animation=&#8221;top&#8221; \/][et_pb_blurb title=&#8221;<strong>Hora inicio: <\/strong>10:00 am&#8221; icon_color=&#8221;#ffffff&#8221; use_circle=&#8221;on&#8221; image=&#8221;http:\/\/bestbogotatours.com\/es\/wp-content\/uploads\/sites\/3\/2018\/06\/icon_2.png&#8221; icon_placement=&#8221;left&#8221; _builder_version=&#8221;3.0.60&#8243; custom_margin=&#8221;-20px|||&#8221; custom_css_blurb_image=&#8221; width: 46px;&#8221; custom_css_blurb_title=&#8221;margin-top: 12px;&#8221; url_new_window=&#8221;off&#8221; use_icon=&#8221;off&#8221; use_circle_border=&#8221;off&#8221; use_icon_font_size=&#8221;off&#8221; background_layout=&#8221;light&#8221; border_style=&#8221;solid&#8221; animation=&#8221;top&#8221; \/][\/et_pb_column][et_pb_column type=&#8221;1_2&#8243;][et_pb_blurb title=&#8221;<strong>Nivel: <\/strong>Medio (Principiante)&#8221; icon_color=&#8221;#ffffff&#8221; use_circle=&#8221;on&#8221; image=&#8221;http:\/\/bestbogotatours.com\/es\/wp-content\/uploads\/sites\/3\/2018\/06\/icon_1.png&#8221; icon_placement=&#8221;left&#8221; _builder_version=&#8221;3.0.60&#8243; custom_css_blurb_image=&#8221; width: 46px;&#8221; custom_css_blurb_title=&#8221;margin-top: 12px;&#8221; url_new_window=&#8221;off&#8221; use_icon=&#8221;off&#8221; use_circle_border=&#8221;off&#8221; use_icon_font_size=&#8221;off&#8221; background_layout=&#8221;light&#8221; border_style=&#8221;solid&#8221; animation=&#8221;top&#8221; \/][et_pb_blurb title=&#8221;<strong>Precio: <\/strong>USD $19.95&#8243; icon_color=&#8221;#ffffff&#8221; use_circle=&#8221;on&#8221; image=&#8221;http:\/\/bestbogotatours.com\/es\/wp-content\/uploads\/sites\/3\/2018\/06\/icon_4.png&#8221; icon_placement=&#8221;left&#8221; _builder_version=&#8221;3.0.60&#8243; custom_margin=&#8221;-20px|||&#8221; custom_css_blurb_image=&#8221; width: 46px;&#8221; custom_css_blurb_title=&#8221;margin-top: 12px;&#8221; url_new_window=&#8221;off&#8221; use_icon=&#8221;off&#8221; use_circle_border=&#8221;off&#8221; use_icon_font_size=&#8221;off&#8221; background_layout=&#8221;light&#8221; border_style=&#8221;solid&#8221; animation=&#8221;top&#8221; \/][\/et_pb_column][\/et_pb_row][\/et_pb_section][et_pb_section bb_built=&#8221;1&#8243; _builder_version=&#8221;3.0.60&#8243; custom_padding=&#8221;37px|0px|29px|0px&#8221;][et_pb_row _builder_version=&#8221;3.0.47&#8243; background_size=&#8221;initial&#8221; background_position=&#8221;top_left&#8221; background_repeat=&#8221;repeat&#8221; custom_padding=&#8221;22px|0px|27px|0px&#8221;][et_pb_column type=&#8221;4_4&#8243;][et_pb_text _builder_version=&#8221;3.0.60&#8243; text_font_size=&#8221;15&#8243; background_layout=&#8221;light&#8221; text_orientation=&#8221;left&#8221; border_style=&#8221;solid&#8221;]<\/p>\n<h1>Tour hist\u00f3rico en bicicleta<\/h1>\n<p>M\u00e1s popular del mes: Descubrir\u00e1s en ciclas nuevas y con excelentes condiciones un paseo seguro, f\u00e1cil y divertido donde conocer\u00e1s en esplendor la verdadera Bogot\u00e1 y todo lo que define a los Bogotanos, en acompa\u00f1amiento de un gu\u00eda privado garantizado de habla (ingl\u00e9s-espa\u00f1ol) franc\u00e9s, alem\u00e1n, polaco con reserva previa.<\/p>\n<p>Su cultura e historia; aprender\u00e1s sobre sus pol\u00edticas, problem\u00e1ticas y pasado conflicto armado a trav\u00e9s de sus plazas representativas y sus monumentos m\u00e1s importantes.<\/p>\n<p>Entraremos en zonas restringidas donde te diremos secretos que solo un local sabe, experimentando sus pasatiempos y juegos locales, gozaras de su gastronom\u00eda en frutas tropicales y degustaci\u00f3n gratis, a su vez no te perder\u00e1s de una visita exclusiva a una f\u00e1brica de caf\u00e9 antigua donde probaras el mejor caf\u00e9 del mundo y podr\u00e1s observar todo su proceso de tosti\u00f3n y exportaci\u00f3n.<\/p>\n<p>Sin olvidar el Arte urbano y sus esplendorosos grafitis, tambi\u00e9n te ense\u00f1aremos mercados t\u00edpicos y artesan\u00edas.<\/p>\n<p>[\/et_pb_text][\/et_pb_column][\/et_pb_row][et_pb_row _builder_version=&#8221;3.0.47&#8243; background_size=&#8221;initial&#8221; background_position=&#8221;top_left&#8221; background_repeat=&#8221;repeat&#8221; custom_padding=&#8221;27px|0px|0px|0px&#8221;][et_pb_column type=&#8221;4_4&#8243;][et_pb_text _builder_version=&#8221;3.0.60&#8243; text_font_size=&#8221;18&#8243; background_layout=&#8221;light&#8221; text_orientation=&#8221;left&#8221; border_style=&#8221;solid&#8221;]<\/p>\n<p><strong>Incluye<\/strong><\/p>\n<p>[\/et_pb_text][\/et_pb_column][\/et_pb_row][et_pb_row _builder_version=&#8221;3.0.47&#8243; background_size=&#8221;initial&#8221; background_position=&#8221;top_left&#8221; background_repeat=&#8221;repeat&#8221;][et_pb_column type=&#8221;1_2&#8243;][et_pb_text _builder_version=&#8221;3.0.60&#8243; text_font_size=&#8221;16&#8243;]<\/p>\n<ul>\n<li>Te Energizante 100% colombiano para iniciar un recorri\u00f3 recargado de fuerza y vitalidad<\/li>\n<li>Suvenir T\u00edpico Colombiano<\/li>\n<li>Gu\u00eda Local garantizado en ingl\u00e9s- espa\u00f1ol \/ franc\u00e9s, alem\u00e1n, polaco con previa reserva<\/li>\n<li>Cicla Nueva excelente estado -con cambios y sill\u00f3n extra c\u00f3modo para personas de todas las estaturas<\/li>\n<li>Casco reflectivo con graduaci\u00f3n para tama\u00f1o cabeza<\/li>\n<\/ul>\n<p>[\/et_pb_text][\/et_pb_column][et_pb_column type=&#8221;1_2&#8243;][et_pb_text _builder_version=&#8221;3.0.60&#8243; text_font_size=&#8221;16&#8243;]<\/p>\n<ul>\n<li>Chaqueta Impermeable<\/li>\n<li>Mochila para llevar agua y cosas personales<\/li>\n<li>Degustaci\u00f3n frutas tropicales<\/li>\n<li>Arte Callejero (grafitis)<\/li>\n<li>Entradas<\/li>\n<li>Fotos tomadas durante el tour y enviadas al e-mail<\/li>\n<\/ul>\n<p>[\/et_pb_text][\/et_pb_column][\/et_pb_row][\/et_pb_section][et_pb_section bb_built=&#8221;1&#8243; custom_padding=&#8221;0px|0px|0px|0px&#8221; _builder_version=&#8221;3.0.60&#8243;][et_pb_row make_fullwidth=&#8221;on&#8221; use_custom_gutter=&#8221;on&#8221; gutter_width=&#8221;1&#8243; custom_padding=&#8221;0px|0px|0px|0px&#8221; make_equal=&#8221;on&#8221; _builder_version=&#8221;3.0.60&#8243; background_size=&#8221;initial&#8221; background_position=&#8221;top_left&#8221; background_repeat=&#8221;repeat&#8221;][et_pb_column type=&#8221;4_4&#8243;][et_pb_gallery gallery_ids=&#8221;286,285,287,288&#8243; posts_number=&#8221;4&#8243; show_title_and_caption=&#8221;off&#8221; show_pagination=&#8221;off&#8221; zoom_icon_color=&#8221;#2ea3f2&#8243; _builder_version=&#8221;3.0.60&#8243; \/][\/et_pb_column][\/et_pb_row][\/et_pb_section]<\/p>\n","protected":false},"excerpt":{"rendered":"<p>Tour hist\u00f3rico en bicicleta M\u00e1s popular del mes: Descubrir\u00e1s en ciclas nuevas y con excelentes condiciones un paseo seguro, f\u00e1cil y divertido donde conocer\u00e1s en esplendor la verdadera Bogot\u00e1 y todo lo que define a los Bogotanos, en acompa\u00f1amiento de un gu\u00eda privado garantizado de habla (ingl\u00e9s-espa\u00f1ol) franc\u00e9s, alem\u00e1n, polaco con reserva previa. Su cultura [&hellip;]<\/p>\n","protected":false},"author":1,"featured_media":0,"parent":0,"menu_order":0,"comment_status":"closed","ping_status":"closed","template":"","meta":{"_et_pb_use_builder":"on","_et_pb_old_content":"","_et_gb_content_width":"","_joinchat":[]},"_links":{"self":[{"href":"https:\/\/bestbogotatours.com\/es\/wp-json\/wp\/v2\/pages\/345"}],"collection":[{"href":"https:\/\/bestbogotatours.com\/es\/wp-json\/wp\/v2\/pages"}],"about":[{"href":"https:\/\/bestbogotatours.com\/es\/wp-json\/wp\/v2\/types\/page"}],"author":[{"embeddable":true,"href":"https:\/\/bestbogotatours.com\/es\/wp-json\/wp\/v2\/users\/1"}],"replies":[{"embeddable":true,"href":"https:\/\/bestbogotatours.com\/es\/wp-json\/wp\/v2\/comments?post=345"}],"version-history":[{"count":0,"href":"https:\/\/bestbogotatours.com\/es\/wp-json\/wp\/v2\/pages\/345\/revisions"}],"wp:attachment":[{"href":"https:\/\/bestbogotatours.com\/es\/wp-json\/wp\/v2\/media?parent=345"}],"curies":[{"name":"wp","href":"https:\/\/api.w.org\/{rel}","templated":true}]}}