{"id":390,"date":"2018-06-14T16:33:53","date_gmt":"2018-06-14T16:33:53","guid":{"rendered":"http:\/\/bestbogotatours.com\/?page_id=390"},"modified":"2018-06-14T16:33:53","modified_gmt":"2018-06-14T16:33:53","slug":"circuito-1-esmeralda-y-cafe-tour","status":"publish","type":"page","link":"https:\/\/bestbogotatours.com\/es\/circuito-1-esmeralda-y-cafe-tour\/","title":{"rendered":"Circuito 1 Express esmeralda y caf\u00e9 tour"},"content":{"rendered":"<p>[et_pb_section bb_built=&#8221;1&#8243; fullwidth=&#8221;on&#8221; _builder_version=&#8221;3.0.60&#8243; parallax=&#8221;on&#8221;][et_pb_fullwidth_post_title meta=&#8221;off&#8221; featured_image=&#8221;off&#8221; text_color=&#8221;light&#8221; module_bg_color=&#8221;#63b100&#8243; _builder_version=&#8221;3.0.60&#8243; use_background_color_gradient=&#8221;on&#8221; background_color_gradient_start=&#8221;#63b100&#8243; background_color_gradient_end=&#8221;#4d9600&#8243; \/][\/et_pb_section][et_pb_section bb_built=&#8221;1&#8243; background_color=&#8221;#f9f9f9&#8243; _builder_version=&#8221;3.0.60&#8243; custom_padding=&#8221;28px|0px|14px|0px&#8221;][et_pb_row _builder_version=&#8221;3.0.47&#8243; background_size=&#8221;initial&#8221; background_position=&#8221;top_left&#8221; background_repeat=&#8221;repeat&#8221; custom_padding=&#8221;23px|0px|19px|0px&#8221;][et_pb_column type=&#8221;1_2&#8243;][et_pb_blurb title=&#8221;<strong>Duraci\u00f3n: <\/strong>3 horas aproximadamente&#8221; icon_color=&#8221;#ffffff&#8221; use_circle=&#8221;on&#8221; image=&#8221;http:\/\/bestbogotatours.com\/es\/wp-content\/uploads\/sites\/3\/2018\/06\/icon_3.png&#8221; icon_placement=&#8221;left&#8221; _builder_version=&#8221;3.0.60&#8243; custom_css_blurb_image=&#8221; width: 46px;&#8221; custom_css_blurb_title=&#8221;margin-top: 12px;&#8221; url_new_window=&#8221;off&#8221; use_icon=&#8221;off&#8221; use_circle_border=&#8221;off&#8221; use_icon_font_size=&#8221;off&#8221; background_layout=&#8221;light&#8221; border_style=&#8221;solid&#8221; animation=&#8221;top&#8221; \/][et_pb_blurb title=&#8221;<strong>Hora inicio: <\/strong>1:00 pm&#8221; icon_color=&#8221;#ffffff&#8221; use_circle=&#8221;on&#8221; image=&#8221;http:\/\/bestbogotatours.com\/es\/wp-content\/uploads\/sites\/3\/2018\/06\/icon_2.png&#8221; icon_placement=&#8221;left&#8221; _builder_version=&#8221;3.0.60&#8243; custom_margin=&#8221;-20px|||&#8221; custom_css_blurb_image=&#8221; width: 46px;&#8221; custom_css_blurb_title=&#8221;margin-top: 12px;&#8221; url_new_window=&#8221;off&#8221; use_icon=&#8221;off&#8221; use_circle_border=&#8221;off&#8221; use_icon_font_size=&#8221;off&#8221; background_layout=&#8221;light&#8221; border_style=&#8221;solid&#8221; animation=&#8221;top&#8221; \/][\/et_pb_column][et_pb_column type=&#8221;1_2&#8243;][et_pb_blurb title=&#8221;<strong>Nivel: <\/strong>Bajo&#8221; icon_color=&#8221;#ffffff&#8221; use_circle=&#8221;on&#8221; image=&#8221;http:\/\/bestbogotatours.com\/es\/wp-content\/uploads\/sites\/3\/2018\/06\/icon_1.png&#8221; icon_placement=&#8221;left&#8221; _builder_version=&#8221;3.0.60&#8243; custom_css_blurb_image=&#8221; width: 46px;&#8221; custom_css_blurb_title=&#8221;margin-top: 12px;&#8221; url_new_window=&#8221;off&#8221; use_icon=&#8221;off&#8221; use_circle_border=&#8221;off&#8221; use_icon_font_size=&#8221;off&#8221; background_layout=&#8221;light&#8221; border_style=&#8221;solid&#8221; animation=&#8221;top&#8221; \/][et_pb_blurb title=&#8221;<strong>Precio: <\/strong>USD $39&#8243; icon_color=&#8221;#ffffff&#8221; use_circle=&#8221;on&#8221; image=&#8221;http:\/\/bestbogotatours.com\/es\/wp-content\/uploads\/sites\/3\/2018\/06\/icon_4.png&#8221; icon_placement=&#8221;left&#8221; _builder_version=&#8221;3.0.60&#8243; custom_margin=&#8221;-20px|||&#8221; custom_css_blurb_image=&#8221; width: 46px;&#8221; custom_css_blurb_title=&#8221;margin-top: 12px;&#8221; url_new_window=&#8221;off&#8221; use_icon=&#8221;off&#8221; use_circle_border=&#8221;off&#8221; use_icon_font_size=&#8221;off&#8221; background_layout=&#8221;light&#8221; border_style=&#8221;solid&#8221; animation=&#8221;top&#8221; \/][\/et_pb_column][\/et_pb_row][\/et_pb_section][et_pb_section bb_built=&#8221;1&#8243; _builder_version=&#8221;3.0.60&#8243; custom_padding=&#8221;37px|0px|29px|0px&#8221;][et_pb_row _builder_version=&#8221;3.0.47&#8243; background_size=&#8221;initial&#8221; background_position=&#8221;top_left&#8221; background_repeat=&#8221;repeat&#8221; custom_padding=&#8221;22px|0px|27px|0px&#8221;][et_pb_column type=&#8221;4_4&#8243;][et_pb_text _builder_version=&#8221;3.0.60&#8243; text_font_size=&#8221;15&#8243; background_layout=&#8221;light&#8221; text_orientation=&#8221;left&#8221; border_style=&#8221;solid&#8221;]<\/p>\n<h1>Express esmeralda y cafe Tour<\/h1>\n<p>Exclusivo tour que le dar\u00e1 a conocer las caracter\u00edsticas y las diferentes etapas de la piedra nacional de Colombia (LA ESMERALDA) en su m\u00e1xima expresi\u00f3n, conociendo su proceso de extracci\u00f3n desde la mina hasta el trabajo de joyer\u00eda tradicional, comercializaci\u00f3n, ingreso a t\u00fanel minero y observaci\u00f3n de una colecci\u00f3n de m\u00e1s de 3.000 piezas.<\/p>\n<p>A su vez podr\u00e1 tocar y manipular esmeraldas reales multi formas, tama\u00f1os y valores, en compa\u00f1\u00eda de un asesor especializado y conocer esmeralderos reales que le ense\u00f1aran la diferenciaci\u00f3n entre esmeraldas verdaderas e imitaciones.<\/p>\n<p>Finalizando en mercados t\u00edpicos de esmeraldas donde encontrar\u00e1 artesan\u00edas con esmeraldas, Joyer\u00eda con esmeraldas; que ser\u00e1 el lugar perfecto para adquirir un regalo de su viaje en Colombia.<\/p>\n<p>Luego de esto nos dirigiremos a una f\u00e1brica de caf\u00e9 antigua donde probaras el mejor caf\u00e9 del mundo y podr\u00e1s observar todo su proceso de producci\u00f3n del grano, tosti\u00f3n y exportaci\u00f3n, tambi\u00e9n podr\u00e1s manipular y oler los granos de caf\u00e9 con su fragancia tan representativa y particular.<br \/>\nNo sin finalizar con un excelente caf\u00e9 reci\u00e9n molido para ti.<\/p>\n<p>[\/et_pb_text][\/et_pb_column][\/et_pb_row][et_pb_row _builder_version=&#8221;3.0.47&#8243; background_size=&#8221;initial&#8221; background_position=&#8221;top_left&#8221; background_repeat=&#8221;repeat&#8221; custom_padding=&#8221;27px|0px|0px|0px&#8221;][et_pb_column type=&#8221;4_4&#8243;][et_pb_text _builder_version=&#8221;3.0.60&#8243; text_font_size=&#8221;18&#8243; background_layout=&#8221;light&#8221; text_orientation=&#8221;left&#8221; border_style=&#8221;solid&#8221;]<\/p>\n<p><strong>Incluye<\/strong><\/p>\n<p>[\/et_pb_text][\/et_pb_column][\/et_pb_row][et_pb_row _builder_version=&#8221;3.0.47&#8243; background_size=&#8221;initial&#8221; background_position=&#8221;top_left&#8221; background_repeat=&#8221;repeat&#8221;][et_pb_column type=&#8221;1_2&#8243;][et_pb_text _builder_version=&#8221;3.0.60&#8243; text_font_size=&#8221;16&#8243; background_layout=&#8221;light&#8221; text_orientation=&#8221;left&#8221; border_style=&#8221;solid&#8221;]<\/p>\n<ul>\n<li>Entradas: museo, fabrica caf\u00e9<\/li>\n<li>Accesos a sectores restringidos del comercio esmeraldas<\/li>\n<li>Suvenir: Esmeralda Original Gratuita<\/li>\n<li>Asesor especializado con m\u00e1s de 25 a\u00f1os de experiencia<\/li>\n<li>Impermeable.<\/li>\n<\/ul>\n<p>[\/et_pb_text][\/et_pb_column][et_pb_column type=&#8221;1_2&#8243;][et_pb_text _builder_version=&#8221;3.0.60&#8243; text_font_size=&#8221;16&#8243; background_layout=&#8221;light&#8221; text_orientation=&#8221;left&#8221; border_style=&#8221;solid&#8221;]<\/p>\n<ul>\n<li>Gu\u00eda Local garantizado en ingl\u00e9s- espa\u00f1ol \/ franc\u00e9s, alem\u00e1n, polaco con previa reserva.<\/li>\n<li>Fotos tomadas durante el tour y enviadas al e-mail.<\/li>\n<li>PLUS SORPRESA (Caf\u00e9)<\/li>\n<\/ul>\n<p>[\/et_pb_text][\/et_pb_column][\/et_pb_row][\/et_pb_section][et_pb_section bb_built=&#8221;1&#8243; custom_padding=&#8221;0px|0px|0px|0px&#8221; _builder_version=&#8221;3.0.60&#8243;][et_pb_row make_fullwidth=&#8221;on&#8221; use_custom_gutter=&#8221;on&#8221; gutter_width=&#8221;1&#8243; custom_padding=&#8221;0px|0px|0px|0px&#8221; make_equal=&#8221;on&#8221; _builder_version=&#8221;3.0.60&#8243; background_size=&#8221;initial&#8221; background_position=&#8221;top_left&#8221; background_repeat=&#8221;repeat&#8221;][et_pb_column type=&#8221;4_4&#8243;][et_pb_gallery gallery_ids=&#8221;286,285,287,288&#8243; posts_number=&#8221;4&#8243; show_title_and_caption=&#8221;off&#8221; show_pagination=&#8221;off&#8221; zoom_icon_color=&#8221;#2ea3f2&#8243; _builder_version=&#8221;3.0.60&#8243; \/][\/et_pb_column][\/et_pb_row][\/et_pb_section]<\/p>\n","protected":false},"excerpt":{"rendered":"<p>Express esmeralda y cafe Tour Exclusivo tour que le dar\u00e1 a conocer las caracter\u00edsticas y las diferentes etapas de la piedra nacional de Colombia (LA ESMERALDA) en su m\u00e1xima expresi\u00f3n, conociendo su proceso de extracci\u00f3n desde la mina hasta el trabajo de joyer\u00eda tradicional, comercializaci\u00f3n, ingreso a t\u00fanel minero y observaci\u00f3n de una colecci\u00f3n de [&hellip;]<\/p>\n","protected":false},"author":1,"featured_media":0,"parent":0,"menu_order":0,"comment_status":"closed","ping_status":"closed","template":"","meta":{"_et_pb_use_builder":"on","_et_pb_old_content":"","_et_gb_content_width":"","_joinchat":[]},"_links":{"self":[{"href":"https:\/\/bestbogotatours.com\/es\/wp-json\/wp\/v2\/pages\/390"}],"collection":[{"href":"https:\/\/bestbogotatours.com\/es\/wp-json\/wp\/v2\/pages"}],"about":[{"href":"https:\/\/bestbogotatours.com\/es\/wp-json\/wp\/v2\/types\/page"}],"author":[{"embeddable":true,"href":"https:\/\/bestbogotatours.com\/es\/wp-json\/wp\/v2\/users\/1"}],"replies":[{"embeddable":true,"href":"https:\/\/bestbogotatours.com\/es\/wp-json\/wp\/v2\/comments?post=390"}],"version-history":[{"count":0,"href":"https:\/\/bestbogotatours.com\/es\/wp-json\/wp\/v2\/pages\/390\/revisions"}],"wp:attachment":[{"href":"https:\/\/bestbogotatours.com\/es\/wp-json\/wp\/v2\/media?parent=390"}],"curies":[{"name":"wp","href":"https:\/\/api.w.org\/{rel}","templated":true}]}}