{"id":397,"date":"2018-06-14T16:49:38","date_gmt":"2018-06-14T16:49:38","guid":{"rendered":"http:\/\/bestbogotatours.com\/?page_id=397"},"modified":"2018-06-14T16:49:38","modified_gmt":"2018-06-14T16:49:38","slug":"circuito-2-cultivos-y-hacienda-cafetera","status":"publish","type":"page","link":"https:\/\/bestbogotatours.com\/es\/circuito-2-cultivos-y-hacienda-cafetera\/","title":{"rendered":"Circuito 2 Cultivos y hacienda cafetera"},"content":{"rendered":"<p>[et_pb_section bb_built=&#8221;1&#8243; fullwidth=&#8221;on&#8221; _builder_version=&#8221;3.0.60&#8243; parallax=&#8221;on&#8221;][et_pb_fullwidth_post_title meta=&#8221;off&#8221; featured_image=&#8221;off&#8221; text_color=&#8221;light&#8221; module_bg_color=&#8221;#63b100&#8243; _builder_version=&#8221;3.0.60&#8243; use_background_color_gradient=&#8221;on&#8221; background_color_gradient_start=&#8221;#63b100&#8243; background_color_gradient_end=&#8221;#4d9600&#8243; \/][\/et_pb_section][et_pb_section bb_built=&#8221;1&#8243; background_color=&#8221;#f9f9f9&#8243; _builder_version=&#8221;3.0.60&#8243; custom_padding=&#8221;28px|0px|14px|0px&#8221;][et_pb_row _builder_version=&#8221;3.0.47&#8243; background_size=&#8221;initial&#8221; background_position=&#8221;top_left&#8221; background_repeat=&#8221;repeat&#8221; custom_padding=&#8221;23px|0px|19px|0px&#8221;][et_pb_column type=&#8221;1_2&#8243;][et_pb_blurb title=&#8221;<strong>Duraci\u00f3n: <\/strong>8 horas aproximadamente &#8221; icon_color=&#8221;#ffffff&#8221; use_circle=&#8221;on&#8221; image=&#8221;http:\/\/bestbogotatours.com\/es\/wp-content\/uploads\/sites\/3\/2018\/06\/icon_3.png&#8221; icon_placement=&#8221;left&#8221; _builder_version=&#8221;3.0.60&#8243; custom_css_blurb_image=&#8221; width: 46px;&#8221; custom_css_blurb_title=&#8221;margin-top: 12px;&#8221; url_new_window=&#8221;off&#8221; use_icon=&#8221;off&#8221; use_circle_border=&#8221;off&#8221; use_icon_font_size=&#8221;off&#8221; background_layout=&#8221;light&#8221; border_style=&#8221;solid&#8221; animation=&#8221;top&#8221; \/][et_pb_blurb title=&#8221;<strong>Hora inicio: <\/strong>8:00 am  (Recogida en hotel)&#8221; icon_color=&#8221;#ffffff&#8221; use_circle=&#8221;on&#8221; image=&#8221;http:\/\/bestbogotatours.com\/es\/wp-content\/uploads\/sites\/3\/2018\/06\/icon_2.png&#8221; icon_placement=&#8221;left&#8221; _builder_version=&#8221;3.0.60&#8243; custom_margin=&#8221;-20px|||&#8221; custom_css_blurb_image=&#8221; width: 46px;&#8221; custom_css_blurb_title=&#8221;margin-top: 12px;&#8221; url_new_window=&#8221;off&#8221; use_icon=&#8221;off&#8221; use_circle_border=&#8221;off&#8221; use_icon_font_size=&#8221;off&#8221; background_layout=&#8221;light&#8221; border_style=&#8221;solid&#8221; animation=&#8221;top&#8221; \/][\/et_pb_column][et_pb_column type=&#8221;1_2&#8243;][et_pb_blurb title=&#8221;<strong>Nivel: <\/strong>Bajo&#8221; icon_color=&#8221;#ffffff&#8221; use_circle=&#8221;on&#8221; image=&#8221;http:\/\/bestbogotatours.com\/es\/wp-content\/uploads\/sites\/3\/2018\/06\/icon_1.png&#8221; icon_placement=&#8221;left&#8221; _builder_version=&#8221;3.0.60&#8243; custom_css_blurb_image=&#8221; width: 46px;&#8221; custom_css_blurb_title=&#8221;margin-top: 12px;&#8221; url_new_window=&#8221;off&#8221; use_icon=&#8221;off&#8221; use_circle_border=&#8221;off&#8221; use_icon_font_size=&#8221;off&#8221; background_layout=&#8221;light&#8221; border_style=&#8221;solid&#8221; animation=&#8221;top&#8221; \/][et_pb_blurb title=&#8221;<strong>Precio: <\/strong>USD $95&#8243; icon_color=&#8221;#ffffff&#8221; use_circle=&#8221;on&#8221; image=&#8221;http:\/\/bestbogotatours.com\/es\/wp-content\/uploads\/sites\/3\/2018\/06\/icon_4.png&#8221; icon_placement=&#8221;left&#8221; _builder_version=&#8221;3.0.60&#8243; custom_margin=&#8221;-20px|||&#8221; custom_css_blurb_image=&#8221; width: 46px;&#8221; custom_css_blurb_title=&#8221;margin-top: 12px;&#8221; url_new_window=&#8221;off&#8221; use_icon=&#8221;off&#8221; use_circle_border=&#8221;off&#8221; use_icon_font_size=&#8221;off&#8221; background_layout=&#8221;light&#8221; border_style=&#8221;solid&#8221; animation=&#8221;top&#8221; \/][\/et_pb_column][\/et_pb_row][\/et_pb_section][et_pb_section bb_built=&#8221;1&#8243; _builder_version=&#8221;3.0.60&#8243; custom_padding=&#8221;37px|0px|29px|0px&#8221;][et_pb_row _builder_version=&#8221;3.0.47&#8243; background_size=&#8221;initial&#8221; background_position=&#8221;top_left&#8221; background_repeat=&#8221;repeat&#8221; custom_padding=&#8221;22px|0px|27px|0px&#8221;][et_pb_column type=&#8221;4_4&#8243;][et_pb_text _builder_version=&#8221;3.0.60&#8243; text_font_size=&#8221;15&#8243; background_layout=&#8221;light&#8221; text_orientation=&#8221;left&#8221; border_style=&#8221;solid&#8221;]<\/p>\n<h1>Cultivos y hacienda cafetera<\/h1>\n<p>Exclusivo tour donde tendr\u00e1s una experiencia cafetera en un cultivo ubicado en una hermosa hacienda rodeada de paisajes y naturaleza en la cual conocer\u00e1s la flor nacional colombiana (la Orqu\u00eddea) Ubicada a tan solo hora y veinte minutos de Bogot\u00e1 con un excelente clima, all\u00ed Recolectaras y probaras el mejor caf\u00e9 del mundo<br \/>\nmediante una cata de caf\u00e9, su degustaci\u00f3n reci\u00e9n molido para ti y tambi\u00e9n los licores derivados del mismo, a su vez observaras todo su proceso de producci\u00f3n del grano, tosti\u00f3n y exportaci\u00f3n, en el cual manipularas y oler\u00e1s los granos de caf\u00e9 con su fragancia tan representativa y particular.<\/p>\n<p>[\/et_pb_text][\/et_pb_column][\/et_pb_row][et_pb_row _builder_version=&#8221;3.0.47&#8243; background_size=&#8221;initial&#8221; background_position=&#8221;top_left&#8221; background_repeat=&#8221;repeat&#8221; custom_padding=&#8221;27px|0px|0px|0px&#8221;][et_pb_column type=&#8221;4_4&#8243;][et_pb_text _builder_version=&#8221;3.0.60&#8243; text_font_size=&#8221;18&#8243; background_layout=&#8221;light&#8221; text_orientation=&#8221;left&#8221; border_style=&#8221;solid&#8221;]<\/p>\n<p><strong>Incluye<\/strong><\/p>\n<p>[\/et_pb_text][\/et_pb_column][\/et_pb_row][et_pb_row _builder_version=&#8221;3.0.47&#8243; background_size=&#8221;initial&#8221; background_position=&#8221;top_left&#8221; background_repeat=&#8221;repeat&#8221;][et_pb_column type=&#8221;1_2&#8243;][et_pb_text _builder_version=&#8221;3.0.60&#8243; text_font_size=&#8221;16&#8243; background_layout=&#8221;light&#8221; text_orientation=&#8221;left&#8221; border_style=&#8221;solid&#8221;]<\/p>\n<ul>\n<li>Trasporte puerta a puerta en veh\u00edculo c\u00f3modo y privado \u2013 ida\/regreso<\/li>\n<li>Entradas hacienda caf\u00e9<\/li>\n<li>Cata de caf\u00e9 y degustaci\u00f3n<\/li>\n<li>Almuerzo T\u00edpico Colombiano<\/li>\n<li>Gu\u00eda Local garantizado en ingl\u00e9s- espa\u00f1ol \/ franc\u00e9s, alem\u00e1n, polaco con previa reserva.<\/li>\n<\/ul>\n<p>[\/et_pb_text][\/et_pb_column][et_pb_column type=&#8221;1_2&#8243;][et_pb_text _builder_version=&#8221;3.0.60&#8243; text_font_size=&#8221;16&#8243; background_layout=&#8221;light&#8221; text_orientation=&#8221;left&#8221; border_style=&#8221;solid&#8221;]<\/p>\n<ul>\n<li>Ascensor especializado en caf\u00e9<\/li>\n<li>Impermeable.<\/li>\n<li>Fotos tomadas durante el tour y enviadas al e-mail.<\/li>\n<li>PLUS SORPRESA Suvenir<\/li>\n<\/ul>\n<p>[\/et_pb_text][\/et_pb_column][\/et_pb_row][\/et_pb_section][et_pb_section bb_built=&#8221;1&#8243; custom_padding=&#8221;0px|0px|0px|0px&#8221; _builder_version=&#8221;3.0.60&#8243;][et_pb_row make_fullwidth=&#8221;on&#8221; use_custom_gutter=&#8221;on&#8221; gutter_width=&#8221;1&#8243; custom_padding=&#8221;0px|0px|0px|0px&#8221; make_equal=&#8221;on&#8221; _builder_version=&#8221;3.0.60&#8243; background_size=&#8221;initial&#8221; background_position=&#8221;top_left&#8221; background_repeat=&#8221;repeat&#8221;][et_pb_column type=&#8221;4_4&#8243;][et_pb_gallery gallery_ids=&#8221;286,285,287,288&#8243; posts_number=&#8221;4&#8243; show_title_and_caption=&#8221;off&#8221; show_pagination=&#8221;off&#8221; zoom_icon_color=&#8221;#2ea3f2&#8243; _builder_version=&#8221;3.0.60&#8243; \/][\/et_pb_column][\/et_pb_row][\/et_pb_section]<\/p>\n","protected":false},"excerpt":{"rendered":"<p>Cultivos y hacienda cafetera Exclusivo tour donde tendr\u00e1s una experiencia cafetera en un cultivo ubicado en una hermosa hacienda rodeada de paisajes y naturaleza en la cual conocer\u00e1s la flor nacional colombiana (la Orqu\u00eddea) Ubicada a tan solo hora y veinte minutos de Bogot\u00e1 con un excelente clima, all\u00ed Recolectaras y probaras el mejor caf\u00e9 [&hellip;]<\/p>\n","protected":false},"author":1,"featured_media":0,"parent":0,"menu_order":0,"comment_status":"closed","ping_status":"closed","template":"","meta":{"_et_pb_use_builder":"on","_et_pb_old_content":"","_et_gb_content_width":"","_joinchat":[]},"_links":{"self":[{"href":"https:\/\/bestbogotatours.com\/es\/wp-json\/wp\/v2\/pages\/397"}],"collection":[{"href":"https:\/\/bestbogotatours.com\/es\/wp-json\/wp\/v2\/pages"}],"about":[{"href":"https:\/\/bestbogotatours.com\/es\/wp-json\/wp\/v2\/types\/page"}],"author":[{"embeddable":true,"href":"https:\/\/bestbogotatours.com\/es\/wp-json\/wp\/v2\/users\/1"}],"replies":[{"embeddable":true,"href":"https:\/\/bestbogotatours.com\/es\/wp-json\/wp\/v2\/comments?post=397"}],"version-history":[{"count":0,"href":"https:\/\/bestbogotatours.com\/es\/wp-json\/wp\/v2\/pages\/397\/revisions"}],"wp:attachment":[{"href":"https:\/\/bestbogotatours.com\/es\/wp-json\/wp\/v2\/media?parent=397"}],"curies":[{"name":"wp","href":"https:\/\/api.w.org\/{rel}","templated":true}]}}